{"id":2,"date":"2019-06-02T12:15:37","date_gmt":"2019-06-02T10:15:37","guid":{"rendered":"http:\/\/especedelivre.com\/?page_id=2"},"modified":"2025-11-13T08:56:42","modified_gmt":"2025-11-13T07:56:42","slug":"bio","status":"publish","type":"page","link":"https:\/\/especedelivre.com\/index.php\/bio\/","title":{"rendered":"bio"},"content":{"rendered":"\n<div class=\"wp-block-group is-vertical is-content-justification-center is-layout-flex wp-container-core-group-is-layout-2 wp-block-group-is-layout-flex\">\n<p style=\"font-size:14px\">\n    Gr\u00e9gory Valentin est un artiste fran\u00e7ais n\u00e9 en 1977. Architecte de formation, son travail de cr\u00e9ation plastique s\u2019ouvre par un cycle o\u00f9 la litt\u00e9rature tient une place centrale. Les grands textes que choisit l\u2019artiste sont bien plus qu\u2019une mati\u00e8re premi\u00e8re exploit\u00e9e \u00e0 des fins de cr\u00e9ation. Ils deviennent, dans la diversit\u00e9 de leur restitution, des sources de r\u00e9flexion quant \u00e0 leur pr\u00e9sence, \u00e0 leur fragilit\u00e9, \u00e0 leur p\u00e9rennit\u00e9 dans notre soci\u00e9t\u00e9.\n<\/p>\n\n\n\n<p style=\"font-size:14px\">Dans la s\u00e9rie de tableaux&nbsp;<em>especedelivre<\/em>, Gr\u00e9gory Valentin reproduit dans leur enti\u00e8ret\u00e9 des \u0153uvres litt\u00e9raires dont l\u2019universalit\u00e9 se double d\u2019un rapport intime \u00e0 son propre parcours. Commenc\u00e9e avec&nbsp;<em>Le Horla<\/em>, de Maupassant, la s\u00e9rie explore les implications d\u2019une qu\u00eate consistant \u00e0 faire de la litt\u00e9rature une \u0153uvre plastique.<\/p>\n\n\n\n<p class=\"has-text-align-left\" style=\"font-size:14px\">Chaque tableau&nbsp;se pr\u00e9sente&nbsp;d\u2019abord comme une abstraction, laquelle offre \u00e0 l\u2019interpr\u00e9tation un champ des possibles. Cette abstraction, pr\u00e9face \u00e0 l\u2019\u00e9veil d\u2019une \u00e9motion,&nbsp;invite \u00e0 s\u2019approcher du tableau : le texte est l\u00e0, d\u2019un seul tenant, aux confins de la lisibilit\u00e9, dans une \u00e9conomie de moyens et pourtant minutieusement compos\u00e9 selon des r\u00e8gles dict\u00e9es par le format et par l\u2019artiste, transpos\u00e9 mais pr\u00e9serv\u00e9 du travestissement<\/p>\n\n\n\n<p class=\"has-text-align-left has-small-font-size\">&#8212;&#8212;&#8212;&#8211;<\/p>\n\n\n\n<div class=\"wp-block-group is-vertical is-content-justification-center is-layout-flex wp-container-core-group-is-layout-1 wp-block-group-is-layout-flex\">\n<p style=\"font-size:13px\"><em>Gr\u00e9gory Valentin is a French artist born in 1977.&nbsp;Trained as an architect, his work in plastic creation unfolds through a cycle where literature holds a central place. The significant texts chosen by the artist are much more than raw material exploited for the purpose of creation. They become, in the diversity of their representation, sources of reflection regarding their presence, fragility, and permanence in our society.<\/em><\/p>\n\n\n\n<p style=\"font-size:13px\"><em>In the series of paintings titled \u00ab\u00a0especedelivre,\u00a0\u00bb Gr\u00e9gory Valentin faithfully reproduces entire literary works, which combine universality with an intimate connection to his own journey. Initiated with Maupassant&rsquo;s \u00ab\u00a0Le Horla,\u00a0\u00bb the series explores the implications of a quest to transform literature into a plastic artwork.<\/em><\/p>\n\n\n\n<p style=\"font-size:13px\"><em>Each painting initially presents itself as an abstraction, offering a realm of possibilities for interpretation. This abstraction, a prelude to the awakening of emotion, invites one to approach the painting: the text is there, uninterrupted, at the edges of legibility, in an economy of means, yet meticulously composed according to rules dictated by the format and the artist. It&rsquo;s transposed but preserved from distortion.<\/em><\/p>\n\n\n\n<p><\/p>\n<\/div>\n\n\n\n<p class=\"has-text-align-center\">&#8212;&#8212;&#8212;&#8211;<\/p>\n<\/div>\n\n\n<div class=\"wp-block-image\">\n<figure class=\"aligncenter size-full\"><img loading=\"lazy\" decoding=\"async\" width=\"2000\" height=\"1334\" src=\"http:\/\/especedelivre.com\/wp-content\/uploads\/2023\/02\/9.jpg\" alt=\"\" class=\"wp-image-713\" srcset=\"https:\/\/especedelivre.com\/wp-content\/uploads\/2023\/02\/9.jpg 2000w, https:\/\/especedelivre.com\/wp-content\/uploads\/2023\/02\/9-300x200.jpg 300w, https:\/\/especedelivre.com\/wp-content\/uploads\/2023\/02\/9-768x512.jpg 768w, https:\/\/especedelivre.com\/wp-content\/uploads\/2023\/02\/9-1536x1025.jpg 1536w, https:\/\/especedelivre.com\/wp-content\/uploads\/2023\/02\/9-1200x800.jpg 1200w, https:\/\/especedelivre.com\/wp-content\/uploads\/2023\/02\/9-1860x1241.jpg 1860w\" sizes=\"(max-width: 2000px) 100vw, 2000px\" \/><\/figure><\/div>\n\n\n<p style=\"font-size:14px\"><strong>Gr\u00e9gory VALENTIN<\/strong><\/p>\n\n\n\n<p style=\"font-size:14px\">n\u00e9 le 23 octobre 1977<br>r\u00e9side et travaille \u00e0 LILLE (59)<\/p>\n\n\n\n<p style=\"font-size:14px\"><strong>EXPOSITIONS PERSONNELLES\u200b \/ SOLO &amp; DUO SHOWS<\/strong><\/p>\n\n\n\n<p style=\"font-size:14px\">2025 <br>In Other Word (duo show), Galerie Martine Ehmer, Bruxelles (Belgique)<br>Between the Lines (two-person exhibition), Azart Gallery, New York (USA)<br>Etat(s) de mati\u00e8res, La maison Lousile, Roubaix<br><br>2024 <br>Solo Show, Galerie M\u00e9tamorphose, Le Touquet<br><br>2023 <br>Le Panth\u00e9on de Gr\u00e9gory Valentin \u2013 Solo Show, Curateur Vincent Bonduel<br><br>2022 <br>Solo Show, Melting Art Galerie, Lille<br>La plus petite galerie du monde (ou presque), solo show, Roubaix<br><br>2021 <br>Solo Show, Maison des Arts, Laon<br>Solo Show, Galerie La Corderie, Marcq-en-Bar\u0153ul<br><br>2019 <br>L Gallery, Bruxelles (Belgique)<br>Le quARTier de Fresnes-sur-Escaut, dans le cadre du CLEA<\/p>\n\n\n\n<p style=\"font-size:14px\"><strong>EXPOSITIONS COLLECTIVES \/ GROUP SHOWS (s\u00e9lection)<\/strong><\/p>\n\n\n\n<p style=\"font-size: 14px;\">2025<br \/>ST-ART , Strasbourg avec Melting Art Galerie,<br \/>Art\u2019Up Lille, Melting Art Galerie, Lille<br \/>Solid\u2019Art Paris + Solid\u2019Art Lille + Solid\u2019Art Montpellier<br \/>\u00ab Chemistry \u00bb \u2013Group Show, Azart Gallery, New York (USA)<\/p>\n<p style=\"font-size: 14px;\"><br \/>2024<br \/><span style=\"font-size: 14px;\">\u00ab Bas Relief \u00bb \u2013 Group Show, Galerie MathGoth, Paris<br \/><\/span>Affordable Art Fair, Azart Gallery, New York (USA)<br \/>Art On Paper, Azart Gallery, New York (USA)<br \/>\u00ab Blossom \u00bb \u2013 Group Show, Galerie Martine Ehmer, Bruxelles (Belgique)<br \/>Art\u2019Up Lille, Melting Art Galerie, Lille<br \/>Solid\u2019Art Paris + Solid\u2019Art Lille<\/p>\n<p style=\"font-size: 14px;\"><br \/>2023 <br \/>Affordable Art Fair, Azart Gallery, New York (USA)<br \/>Solid\u2019Art Paris + Solid\u2019Art Lille<br \/>Art\u2019Up Lille, Melting Art Galerie, Lille<br \/><br \/>2022 <br \/>Art Montpellier, Melting Art Galerie, Lille<br \/>Solid\u2019Art Paris (Carreau du Temple)<br \/>Art\u2019Up Lille, Melting Art Galerie, Lille<br \/><br \/>2021\u00a0<br \/>Art\u2019Up Lille, Melting Art Galerie, Lille<br \/>Group Show, Galerie Martine Ehmer, Bruxelles (Belgique)<br \/>Solid\u2019Art Lille<br \/><br \/>2019 <br \/>Luxembourg ARTFAIR, L Gallery, Bruxelles (Belgique)<br \/>Solid\u2019Art Marseille + Solid\u2019Art Lille<br \/>Cath\u00e9drale Notre-Dame de la Treille, Lille<br \/>Affordable Art Fair, L Gallery, Bruxelles (Belgique)<br \/>Art Fair Lille, Melting Art Galerie, Lille<\/p>\n\n\n\n<p style=\"font-size:14px\"><strong>COMMANDES PUBLIQUES \/ 1% ARTISTIQUE<\/strong><\/p>\n\n\n\n<p style=\"font-size:14px\">2025 <br>Cr\u00e9ation d\u2019une sculpture urbaine dans le cadre des 130 ans de la naissance de<br>Marcel Pagnol \u00e0 Aubagne (13) (Laur\u00e9at)<br><br>2024 <br>1 % artistique pour le nouvel h\u00f4tel de police \u00e0 AMIENS (finaliste)<br><br>2023 <br>R\u00e9alisation d\u2019une sculpture ext\u00e9rieure pour un immeuble \u00e0 BAGNEUX (92)<br>dans le cadre du dispositif \u00ab1 immeuble, 1 oeuvre\u00bb<\/p>\n\n\n\n<p style=\"font-size:14px\"><strong>COLLECTIONS \/ PRIX&nbsp;<\/strong><\/p>\n\n\n\n<p style=\"font-size:14px\">2022 <br>Fonds municipal d\u2019art contemporain, Ville de LAON, France<br><br>2024 <br>Laur\u00e9at du prix Solid\u2019Art de la Fondation Renault Group<\/p>\n\n\n\n<p style=\"font-size:14px\"><strong>GALERIES<\/strong><\/p>\n\n\n\n<p style=\"font-size:14px\">France : <a href=\"https:\/\/mathgoth.com\" data-type=\"link\" data-id=\"https:\/\/mathgoth.com\" target=\"_blank\" rel=\"noreferrer noopener\">Galerie MATHGOTH (Paris)<\/a><br>France :&nbsp;<a href=\"https:\/\/www.meltingartgallery.com\/fr\/\" data-type=\"link\" data-id=\"https:\/\/www.meltingartgallery.com\/fr\/\" target=\"_blank\" rel=\"noreferrer noopener\">Melting Art Gallery (Lille)<\/a><br>Belgique : <a href=\"http:\/\/www.martineehmer.com\" target=\"_blank\" rel=\"noreferrer noopener\">Galerie Martine Ehmer (Bruxelles)<\/a><br>USA : <a href=\"https:\/\/www.azartgallerynyc.com\" target=\"_blank\" rel=\"noreferrer noopener\">Azart Gallery NYC<\/a><\/p>\n\n\n<div class=\"n2-section-smartslider fitvidsignore  n2_clear\" data-ssid=\"51\" tabindex=\"0\" role=\"region\" aria-label=\"Slider\"><div id=\"n2-ss-51-align\" class=\"n2-ss-align\"><div class=\"n2-padding\"><div id=\"n2-ss-51\" data-creator=\"Smart Slider 3\" data-responsive=\"auto\" class=\"n2-ss-slider n2-ow n2-has-hover n2notransition  \">\n\n\n\n\n\n\n\n<div class=\"n2-ss-slider-wrapper-inside\">\n        <div class=\"n2-ss-slider-1 n2_ss__touch_element n2-ow\">\n            <div class=\"n2-ss-slider-2 n2-ow\">\n                                                <div class=\"n2-ss-slider-3 n2-ow\">\n\n                    <div class=\"n2-ss-slide-backgrounds n2-ow-all\"><div class=\"n2-ss-slide-background\" data-public-id=\"1\" data-mode=\"fit\"><div class=\"n2-ss-slide-background-image\" data-blur=\"0\" data-opacity=\"100\" data-x=\"50\" data-y=\"50\" data-alt=\"\" data-title=\"\"><picture class=\"skip-lazy\" data-skip-lazy=\"1\"><img decoding=\"async\" src=\"\/\/especedelivre.com\/wp-content\/uploads\/2019\/06\/28514883_585664325130961_2306687154056282944_o.jpg\" alt=\"\" title=\"\" loading=\"lazy\" class=\"skip-lazy\" data-skip-lazy=\"1\"><\/picture><\/div><div data-color=\"RGBA(255,255,255,0)\" style=\"background-color: RGBA(255,255,255,0);\" class=\"n2-ss-slide-background-color\"><\/div><\/div><div class=\"n2-ss-slide-background\" data-public-id=\"2\" data-mode=\"fit\" aria-hidden=\"true\"><div class=\"n2-ss-slide-background-image\" data-blur=\"0\" data-opacity=\"100\" data-x=\"50\" data-y=\"50\" data-alt=\"\" data-title=\"\"><picture class=\"skip-lazy\" data-skip-lazy=\"1\"><img decoding=\"async\" src=\"\/\/especedelivre.com\/wp-content\/uploads\/2019\/06\/57060803_841514456212612_6506589649136254976_o.jpg\" alt=\"\" title=\"\" loading=\"lazy\" class=\"skip-lazy\" data-skip-lazy=\"1\"><\/picture><\/div><div data-color=\"RGBA(255,255,255,0)\" style=\"background-color: RGBA(255,255,255,0);\" class=\"n2-ss-slide-background-color\"><\/div><\/div><div class=\"n2-ss-slide-background\" data-public-id=\"3\" data-mode=\"fit\" aria-hidden=\"true\"><div class=\"n2-ss-slide-background-image\" data-blur=\"0\" data-opacity=\"100\" data-x=\"50\" data-y=\"50\" data-alt=\"\" data-title=\"\"><picture class=\"skip-lazy\" data-skip-lazy=\"1\"><img decoding=\"async\" src=\"\/\/especedelivre.com\/wp-content\/uploads\/2019\/06\/32943704_621534841543909_9154374761634070528_o.jpg\" alt=\"\" title=\"\" loading=\"lazy\" class=\"skip-lazy\" data-skip-lazy=\"1\"><\/picture><\/div><div data-color=\"RGBA(255,255,255,0)\" style=\"background-color: RGBA(255,255,255,0);\" class=\"n2-ss-slide-background-color\"><\/div><\/div><div class=\"n2-ss-slide-background\" data-public-id=\"4\" data-mode=\"fit\" aria-hidden=\"true\"><div class=\"n2-ss-slide-background-image\" data-blur=\"0\" data-opacity=\"100\" data-x=\"50\" data-y=\"50\" data-alt=\"\" data-title=\"\"><picture class=\"skip-lazy\" data-skip-lazy=\"1\"><img decoding=\"async\" src=\"\/\/especedelivre.com\/wp-content\/uploads\/2019\/06\/60396919_865196197177771_1956297070058930176_o.jpg\" alt=\"\" title=\"\" loading=\"lazy\" class=\"skip-lazy\" data-skip-lazy=\"1\"><\/picture><\/div><div data-color=\"RGBA(255,255,255,0)\" style=\"background-color: RGBA(255,255,255,0);\" class=\"n2-ss-slide-background-color\"><\/div><\/div><\/div>                    <div class=\"n2-ss-slider-4 n2-ow\">\n                        <svg xmlns=\"http:\/\/www.w3.org\/2000\/svg\" viewBox=\"0 0 1000 1000\" data-related-device=\"desktopPortrait\" class=\"n2-ow n2-ss-preserve-size n2-ss-preserve-size--slider n2-ss-slide-limiter\"><\/svg><div data-first=\"1\" data-slide-duration=\"0\" data-id=\"249\" data-slide-public-id=\"1\" data-title=\"28514883_585664325130961_2306687154056282944_o\" class=\"n2-ss-slide n2-ow  n2-ss-slide-249\"><div role=\"note\" class=\"n2-ss-slide--focus\" tabindex=\"-1\">28514883_585664325130961_2306687154056282944_o<\/div><div class=\"n2-ss-layers-container n2-ss-slide-limiter n2-ow\"><div class=\"n2-ss-layer n2-ow n-uc-rblfNQUwMWOx\" data-sstype=\"slide\" data-pm=\"default\"><\/div><\/div><\/div><div data-slide-duration=\"0\" data-id=\"250\" data-slide-public-id=\"2\" aria-hidden=\"true\" data-title=\"57060803_841514456212612_6506589649136254976_o\" class=\"n2-ss-slide n2-ow  n2-ss-slide-250\"><div role=\"note\" class=\"n2-ss-slide--focus\" tabindex=\"-1\">57060803_841514456212612_6506589649136254976_o<\/div><div class=\"n2-ss-layers-container n2-ss-slide-limiter n2-ow\"><div class=\"n2-ss-layer n2-ow n-uc-lF3kkgqJ645v\" data-sstype=\"slide\" data-pm=\"default\"><\/div><\/div><\/div><div data-slide-duration=\"0\" data-id=\"251\" data-slide-public-id=\"3\" aria-hidden=\"true\" data-title=\"32943704_621534841543909_9154374761634070528_o\" class=\"n2-ss-slide n2-ow  n2-ss-slide-251\"><div role=\"note\" class=\"n2-ss-slide--focus\" tabindex=\"-1\">32943704_621534841543909_9154374761634070528_o<\/div><div class=\"n2-ss-layers-container n2-ss-slide-limiter n2-ow\"><div class=\"n2-ss-layer n2-ow n-uc-xh3LaZwFr86U\" data-sstype=\"slide\" data-pm=\"default\"><\/div><\/div><\/div><div data-slide-duration=\"0\" data-id=\"252\" data-slide-public-id=\"4\" aria-hidden=\"true\" data-title=\"60396919_865196197177771_1956297070058930176_o\" class=\"n2-ss-slide n2-ow  n2-ss-slide-252\"><div role=\"note\" class=\"n2-ss-slide--focus\" tabindex=\"-1\">60396919_865196197177771_1956297070058930176_o<\/div><div class=\"n2-ss-layers-container n2-ss-slide-limiter n2-ow\"><div class=\"n2-ss-layer n2-ow n-uc-NvnDbhxwWg8z\" data-sstype=\"slide\" data-pm=\"default\"><\/div><\/div><\/div>                    <\/div>\n\n                                    <\/div>\n            <\/div>\n        <\/div>\n        <div class=\"n2-ss-slider-controls n2-ss-slider-controls-absolute-right-top\"><div style=\"--widget-offset:15px;\" class=\"n2-ss-widget n2-style-f17ddbf2d8ed14421f9093b94b93b8a9-heading n2-full-screen-widget n2-ow-all n2-full-screen-widget-image nextend-fullscreen\"><img loading=\"lazy\" decoding=\"async\" width=\"16\" height=\"16\" class=\"n2-full-screen-widget-to-normal skip-lazy\" role=\"button\" tabindex=\"0\" data-skip-lazy=\"1\" src=\"data:image\/svg+xml;base64,PHN2ZyB3aWR0aD0iMTYiIGhlaWdodD0iMTYiIHZpZXdCb3g9IjAgMCAxNiAxNiIgeG1sbnM9Imh0dHA6Ly93d3cudzMub3JnLzIwMDAvc3ZnIj4KICAgIDxwYXRoIGQ9Ik0xNiAxMXYxYzAgLjAwNi0xLjk5Ny4wMDYtMiAwIC4wMDMuMDA2LjAwMyAyIDAgMmgtMXYtM2gzem0tMi03Yy4wMDMtLjAxMiAyLS4wMTIgMiAwdjFoLTNWMmgxYy4wMDMgMCAuMDAzIDEuOTg4IDAgMnpNMyAydjNIMFY0YzAtLjAxMiAyLS4wMTIgMiAwVjJoMXptMSAzaDh2Nkg0VjV6bS0yIDdjMCAuMDA0LTEuOTk2LjAwNC0yIDAgLjAwNC4wMDQgMC0xIDAtMWgzdjNIMnYtMnoiCiAgICAgICAgICBmaWxsPSIjZmZmZmZmIiBvcGFjaXR5PSIwLjgiIGZpbGwtcnVsZT0iZXZlbm9kZCIvPgo8L3N2Zz4=\" alt=\"Sortir du plein \u00e9cran\"><img loading=\"lazy\" decoding=\"async\" width=\"16\" height=\"16\" class=\"n2-full-screen-widget-to-full skip-lazy\" role=\"button\" tabindex=\"0\" data-skip-lazy=\"1\" src=\"data:image\/svg+xml;base64,PHN2ZyB3aWR0aD0iMTYiIGhlaWdodD0iMTYiIHZpZXdCb3g9IjAgMCAxNiAxNiIgeG1sbnM9Imh0dHA6Ly93d3cudzMub3JnLzIwMDAvc3ZnIj4KICAgIDxwYXRoIGQ9Ik0xMyAxNHYtMWMwLS4wMDcgMS45OTctLjAwNyAyIDAtLjAwMy0uMDA3LS4wMDMtMiAwLTJoMXYzaC0zem0yLTExYy0uMDAzLjAxMi0yIC4wMTItMiAwVjJoM3YzaC0xYy0uMDAzIDAtLjAwMy0xLjk4OCAwLTJ6TTEgNUgwVjJoM3YxYzAgLjAxMi0yIC4wMTItMiAwdjJ6bTEtMWgxMnY4SDJWNHptLTEgOWMwLS4wMDQgMS45OTYtLjAwNCAyIDAtLjAwNC0uMDA0IDAgMSAwIDFIMHYtM2gxdjJ6IgogICAgICAgICAgZmlsbD0iI2ZmZmZmZiIgb3BhY2l0eT0iMC44IiBmaWxsLXJ1bGU9ImV2ZW5vZGQiLz4KPC9zdmc+\" alt=\"Passer en mode plein \u00e9cran\"><\/div><\/div><div class=\"n2-ss-slider-controls n2-ss-slider-controls-absolute-left-center\"><div style=\"--widget-offset:15px;\" class=\"n2-ss-widget nextend-arrow n2-ow-all nextend-arrow-previous  nextend-arrow-animated-fade\" data-hide-mobilelandscape=\"1\" id=\"n2-ss-51-arrow-previous\" role=\"button\" aria-label=\"previous arrow\" tabindex=\"0\"><img loading=\"lazy\" decoding=\"async\" width=\"32\" height=\"32\" class=\"n2-arrow-normal-img skip-lazy\" data-skip-lazy=\"1\" src=\"data:image\/svg+xml;base64,PHN2ZyB3aWR0aD0iMzIiIGhlaWdodD0iMzIiIHZpZXdCb3g9IjAgMCAzMiAzMiIgeG1sbnM9Imh0dHA6Ly93d3cudzMub3JnLzIwMDAvc3ZnIj4KICAgIDxwYXRoIGQ9Ik0xMS40MzMgMTUuOTkyTDIyLjY5IDUuNzEyYy4zOTMtLjM5LjM5My0xLjAzIDAtMS40Mi0uMzkzLS4zOS0xLjAzLS4zOS0xLjQyMyAwbC0xMS45OCAxMC45NGMtLjIxLjIxLS4zLjQ5LS4yODUuNzYtLjAxNS4yOC4wNzUuNTYuMjg0Ljc3bDExLjk4IDEwLjk0Yy4zOTMuMzkgMS4wMy4zOSAxLjQyNCAwIC4zOTMtLjQuMzkzLTEuMDMgMC0xLjQybC0xMS4yNTctMTAuMjkiCiAgICAgICAgICBmaWxsPSIjMDAwMDAwIiBvcGFjaXR5PSIxIiBmaWxsLXJ1bGU9ImV2ZW5vZGQiLz4KPC9zdmc+\" alt=\"previous arrow\"><img loading=\"lazy\" decoding=\"async\" width=\"32\" height=\"32\" class=\"n2-arrow-hover-img skip-lazy\" data-skip-lazy=\"1\" src=\"data:image\/svg+xml;base64,PHN2ZyB3aWR0aD0iMzIiIGhlaWdodD0iMzIiIHZpZXdCb3g9IjAgMCAzMiAzMiIgeG1sbnM9Imh0dHA6Ly93d3cudzMub3JnLzIwMDAvc3ZnIj4KICAgIDxwYXRoIGQ9Ik0xMS40MzMgMTUuOTkyTDIyLjY5IDUuNzEyYy4zOTMtLjM5LjM5My0xLjAzIDAtMS40Mi0uMzkzLS4zOS0xLjAzLS4zOS0xLjQyMyAwbC0xMS45OCAxMC45NGMtLjIxLjIxLS4zLjQ5LS4yODUuNzYtLjAxNS4yOC4wNzUuNTYuMjg0Ljc3bDExLjk4IDEwLjk0Yy4zOTMuMzkgMS4wMy4zOSAxLjQyNCAwIC4zOTMtLjQuMzkzLTEuMDMgMC0xLjQybC0xMS4yNTctMTAuMjkiCiAgICAgICAgICBmaWxsPSIjYmI0YTI4IiBvcGFjaXR5PSIxIiBmaWxsLXJ1bGU9ImV2ZW5vZGQiLz4KPC9zdmc+\" alt=\"previous arrow\"><\/div><\/div><div class=\"n2-ss-slider-controls n2-ss-slider-controls-absolute-right-center\"><div style=\"--widget-offset:15px;\" class=\"n2-ss-widget nextend-arrow n2-ow-all nextend-arrow-next  nextend-arrow-animated-fade\" data-hide-mobilelandscape=\"1\" id=\"n2-ss-51-arrow-next\" role=\"button\" aria-label=\"next arrow\" tabindex=\"0\"><img loading=\"lazy\" decoding=\"async\" width=\"32\" height=\"32\" class=\"n2-arrow-normal-img skip-lazy\" data-skip-lazy=\"1\" src=\"data:image\/svg+xml;base64,PHN2ZyB3aWR0aD0iMzIiIGhlaWdodD0iMzIiIHZpZXdCb3g9IjAgMCAzMiAzMiIgeG1sbnM9Imh0dHA6Ly93d3cudzMub3JnLzIwMDAvc3ZnIj4KICAgIDxwYXRoIGQ9Ik0xMC43MjIgNC4yOTNjLS4zOTQtLjM5LTEuMDMyLS4zOS0xLjQyNyAwLS4zOTMuMzktLjM5MyAxLjAzIDAgMS40MmwxMS4yODMgMTAuMjgtMTEuMjgzIDEwLjI5Yy0uMzkzLjM5LS4zOTMgMS4wMiAwIDEuNDIuMzk1LjM5IDEuMDMzLjM5IDEuNDI3IDBsMTIuMDA3LTEwLjk0Yy4yMS0uMjEuMy0uNDkuMjg0LS43Ny4wMTQtLjI3LS4wNzYtLjU1LS4yODYtLjc2TDEwLjcyIDQuMjkzeiIKICAgICAgICAgIGZpbGw9IiMwMDAwMDAiIG9wYWNpdHk9IjEiIGZpbGwtcnVsZT0iZXZlbm9kZCIvPgo8L3N2Zz4=\" alt=\"next arrow\"><img loading=\"lazy\" decoding=\"async\" width=\"32\" height=\"32\" class=\"n2-arrow-hover-img skip-lazy\" data-skip-lazy=\"1\" src=\"data:image\/svg+xml;base64,PHN2ZyB3aWR0aD0iMzIiIGhlaWdodD0iMzIiIHZpZXdCb3g9IjAgMCAzMiAzMiIgeG1sbnM9Imh0dHA6Ly93d3cudzMub3JnLzIwMDAvc3ZnIj4KICAgIDxwYXRoIGQ9Ik0xMC43MjIgNC4yOTNjLS4zOTQtLjM5LTEuMDMyLS4zOS0xLjQyNyAwLS4zOTMuMzktLjM5MyAxLjAzIDAgMS40MmwxMS4yODMgMTAuMjgtMTEuMjgzIDEwLjI5Yy0uMzkzLjM5LS4zOTMgMS4wMiAwIDEuNDIuMzk1LjM5IDEuMDMzLjM5IDEuNDI3IDBsMTIuMDA3LTEwLjk0Yy4yMS0uMjEuMy0uNDkuMjg0LS43Ny4wMTQtLjI3LS4wNzYtLjU1LS4yODYtLjc2TDEwLjcyIDQuMjkzeiIKICAgICAgICAgIGZpbGw9IiNiYjRhMjgiIG9wYWNpdHk9IjEiIGZpbGwtcnVsZT0iZXZlbm9kZCIvPgo8L3N2Zz4=\" alt=\"next arrow\"><\/div><\/div><div class=\"n2-ss-slider-controls n2-ss-slider-controls-absolute-center-bottom\"><div style=\"--widget-offset:10px;\" class=\"n2-ss-widget n2-ss-control-bullet n2-ow-all n2-ss-control-bullet-horizontal\"><div class=\" nextend-bullet-bar n2-bar-justify-content-center\" role=\"group\" aria-label=\"Choose slide to display.\"><div class=\"n2-bullet n2-style-785355f374be86c332d4665aae819858-dot \" style=\"visibility:hidden;\"><\/div><\/div><\/div><\/div><\/div><\/div><ss3-loader><\/ss3-loader><\/div><\/div><div class=\"n2_clear\"><\/div><\/div>\n\n\n<p><\/p>\n","protected":false},"excerpt":{"rendered":"<p>Gr\u00e9gory Valentin est un artiste fran\u00e7ais n\u00e9 en 1977. Architecte de formation, son travail de cr\u00e9ation plastique s\u2019ouvre par un cycle o\u00f9 la litt\u00e9rature tient une place centrale. Les grands textes que choisit l\u2019artiste sont bien plus qu\u2019une mati\u00e8re premi\u00e8re exploit\u00e9e \u00e0 des fins de cr\u00e9ation. Ils deviennent, dans la diversit\u00e9 de leur restitution, des [&hellip;]<\/p>\n","protected":false},"author":1,"featured_media":0,"parent":0,"menu_order":1,"comment_status":"closed","ping_status":"closed","template":"","meta":{"footnotes":""},"class_list":["post-2","page","type-page","status-publish","hentry","missing-thumbnail"],"_links":{"self":[{"href":"https:\/\/especedelivre.com\/index.php\/wp-json\/wp\/v2\/pages\/2"}],"collection":[{"href":"https:\/\/especedelivre.com\/index.php\/wp-json\/wp\/v2\/pages"}],"about":[{"href":"https:\/\/especedelivre.com\/index.php\/wp-json\/wp\/v2\/types\/page"}],"author":[{"embeddable":true,"href":"https:\/\/especedelivre.com\/index.php\/wp-json\/wp\/v2\/users\/1"}],"replies":[{"embeddable":true,"href":"https:\/\/especedelivre.com\/index.php\/wp-json\/wp\/v2\/comments?post=2"}],"version-history":[{"count":117,"href":"https:\/\/especedelivre.com\/index.php\/wp-json\/wp\/v2\/pages\/2\/revisions"}],"predecessor-version":[{"id":1297,"href":"https:\/\/especedelivre.com\/index.php\/wp-json\/wp\/v2\/pages\/2\/revisions\/1297"}],"wp:attachment":[{"href":"https:\/\/especedelivre.com\/index.php\/wp-json\/wp\/v2\/media?parent=2"}],"curies":[{"name":"wp","href":"https:\/\/api.w.org\/{rel}","templated":true}]}}